{"id":261,"date":"2018-09-10T12:15:40","date_gmt":"2018-09-10T12:15:40","guid":{"rendered":"https:\/\/jupiterx.artbees.net\/kale\/?page_id=261"},"modified":"2024-10-31T20:00:15","modified_gmt":"2024-10-31T19:00:15","slug":"portfolio-grid","status":"publish","type":"page","link":"https:\/\/orda.pl\/ok\/?page_id=261","title":{"rendered":"Portfolio"},"content":{"rendered":"\t\t<div data-elementor-type=\"wp-post\" data-elementor-id=\"261\" class=\"elementor elementor-261\">\n\t\t\t\t\t\t<section class=\"elementor-section elementor-top-section elementor-element elementor-element-9484a0a elementor-section-boxed elementor-section-height-default elementor-section-height-default\" data-id=\"9484a0a\" data-element_type=\"section\">\n\t\t\t\t\t\t<div class=\"elementor-container elementor-column-gap-default\">\n\t\t\t\t\t<div class=\"elementor-column elementor-col-100 elementor-top-column elementor-element elementor-element-27a8434\" data-id=\"27a8434\" data-element_type=\"column\">\n\t\t\t<div class=\"elementor-widget-wrap elementor-element-populated\">\n\t\t\t\t\t\t<div class=\"elementor-element elementor-element-608b99e elementor-widget elementor-widget-spacer\" data-id=\"608b99e\" data-element_type=\"widget\" data-widget_type=\"spacer.default\">\n\t\t\t\t<div class=\"elementor-widget-container\">\n\t\t\t\t\t\t\t<div class=\"elementor-spacer\">\n\t\t\t<div class=\"elementor-spacer-inner\"><\/div>\n\t\t<\/div>\n\t\t\t\t\t\t<\/div>\n\t\t\t\t<\/div>\n\t\t\t\t\t<\/div>\n\t\t<\/div>\n\t\t\t\t\t<\/div>\n\t\t<\/section>\n\t\t<div class=\"elementor-element elementor-element-eca0ce8 e-flex e-con-boxed e-con e-parent\" data-id=\"eca0ce8\" data-element_type=\"container\">\n\t\t\t\t\t<div class=\"e-con-inner\">\n\t\t\t\t<div class=\"elementor-element elementor-element-222b7dd raven-button-align-center elementor-widget elementor-widget-raven-posts\" data-id=\"222b7dd\" data-element_type=\"widget\" data-settings=\"{&quot;classic_columns&quot;:&quot;4&quot;,&quot;classic_show_sortable&quot;:&quot;yes&quot;,&quot;_skin&quot;:&quot;classic&quot;,&quot;classic_layout&quot;:&quot;grid&quot;,&quot;classic_columns_tablet&quot;:&quot;2&quot;,&quot;classic_columns_mobile&quot;:&quot;1&quot;,&quot;query_posts_per_page&quot;:6,&quot;query_offset&quot;:0}\" data-widget_type=\"raven-posts.classic\">\n\t\t\t\t<div class=\"elementor-widget-container\">\n\t\t\t\t\t\t\t<div class=\"raven-sortable\">\n\t\t\t<div class=\"raven-sortable-items\">\n\t\t\t\t\t\t\t<\/div>\n\t\t<\/div>\n\t\t\t\t<div class=\"raven-posts raven-grid raven-grid-4 raven-grid-mobile-1 raven-grid-tablet-2\" data-post-id=\"261\" data-archive-query=\"\" data-lang=\"\">\n\t\t\t\t<div class=\"raven-grid-item raven-post-item post-826 portfolio type-portfolio status-publish has-post-thumbnail hentry\">\n\t\t\t<div class=\"raven-post\">\n\t\t\t\t\t\t<div class=\"raven-post-image-wrap\">\n\t\t\t<a class=\"raven-post-image raven-image-fit\" href=\"https:\/\/orda.pl\/ok\/?portfolio=1992-2014\"><img fetchpriority=\"high\" decoding=\"async\" width=\"1024\" height=\"640\" src=\"https:\/\/orda.pl\/ok\/wp-content\/uploads\/2024\/10\/old_002-1024x640.jpg\" class=\"attachment-large size-large wp-image-958\" alt=\"\" srcset=\"https:\/\/orda.pl\/ok\/wp-content\/uploads\/2024\/10\/old_002-1024x640.jpg 1024w, https:\/\/orda.pl\/ok\/wp-content\/uploads\/2024\/10\/old_002-300x188.jpg 300w, https:\/\/orda.pl\/ok\/wp-content\/uploads\/2024\/10\/old_002-768x480.jpg 768w, https:\/\/orda.pl\/ok\/wp-content\/uploads\/2024\/10\/old_002-1536x960.jpg 1536w, https:\/\/orda.pl\/ok\/wp-content\/uploads\/2024\/10\/old_002.jpg 1920w\" sizes=\"(max-width: 1024px) 100vw, 1024px\" \/> <span class=\"raven-post-image-overlay\"><\/span><\/a>\t\t<\/div>\n\t\t\t\t\t\t<div class=\"raven-post-content\">\n\t\t\t\t\t<h5 class=\"raven-post-title\"><a class=\"raven-post-title-link\" href=\"https:\/\/orda.pl\/ok\/?portfolio=1992-2014\">1992-2014<\/a><\/h5><div class=\"raven-post-excerpt\">by\u0142o ciekawie<\/div>\t\t<div class=\"raven-post-read-more\">\n\t\t\t<a class=\"raven-post-button\" href=\"https:\/\/orda.pl\/ok\/?portfolio=1992-2014\"><span class=\"raven-post-button-text\">Read More<\/span><\/a>\n\t\t<\/div>\n\t\t\t\t\t\t<\/div>\n\t\t\t<\/div>\n\t\t<\/div>\n\t\t\t\t<div class=\"raven-grid-item raven-post-item post-825 portfolio type-portfolio status-publish has-post-thumbnail hentry\">\n\t\t\t<div class=\"raven-post\">\n\t\t\t\t\t\t<div class=\"raven-post-image-wrap\">\n\t\t\t<a class=\"raven-post-image raven-image-fit\" href=\"https:\/\/orda.pl\/ok\/?portfolio=1999-do-czasy-obecne\"><img decoding=\"async\" width=\"1024\" height=\"640\" src=\"https:\/\/orda.pl\/ok\/wp-content\/uploads\/2024\/10\/old_006-1024x640.jpg\" class=\"attachment-large size-large wp-image-1011\" alt=\"\" srcset=\"https:\/\/orda.pl\/ok\/wp-content\/uploads\/2024\/10\/old_006-1024x640.jpg 1024w, https:\/\/orda.pl\/ok\/wp-content\/uploads\/2024\/10\/old_006-300x188.jpg 300w, https:\/\/orda.pl\/ok\/wp-content\/uploads\/2024\/10\/old_006-768x480.jpg 768w, https:\/\/orda.pl\/ok\/wp-content\/uploads\/2024\/10\/old_006-1536x960.jpg 1536w, https:\/\/orda.pl\/ok\/wp-content\/uploads\/2024\/10\/old_006.jpg 1920w\" sizes=\"(max-width: 1024px) 100vw, 1024px\" \/> <span class=\"raven-post-image-overlay\"><\/span><\/a>\t\t<\/div>\n\t\t\t\t\t\t<div class=\"raven-post-content\">\n\t\t\t\t\t<h5 class=\"raven-post-title\"><a class=\"raven-post-title-link\" href=\"https:\/\/orda.pl\/ok\/?portfolio=1999-do-czasy-obecne\">1999 do czasy obecne<\/a><\/h5><div class=\"raven-post-excerpt\">trwa to do dzi\u015b<\/div>\t\t<div class=\"raven-post-read-more\">\n\t\t\t<a class=\"raven-post-button\" href=\"https:\/\/orda.pl\/ok\/?portfolio=1999-do-czasy-obecne\"><span class=\"raven-post-button-text\">Read More<\/span><\/a>\n\t\t<\/div>\n\t\t\t\t\t\t<\/div>\n\t\t\t<\/div>\n\t\t<\/div>\n\t\t\t\t<div class=\"raven-grid-item raven-post-item post-824 portfolio type-portfolio status-publish has-post-thumbnail hentry\">\n\t\t\t<div class=\"raven-post\">\n\t\t\t\t\t\t<div class=\"raven-post-image-wrap\">\n\t\t\t<a class=\"raven-post-image raven-image-fit\" href=\"https:\/\/orda.pl\/ok\/?portfolio=produkcja-filmowa\"><img decoding=\"async\" width=\"1024\" height=\"698\" src=\"https:\/\/orda.pl\/ok\/wp-content\/uploads\/2024\/10\/portfolio_003-1024x698.jpg\" class=\"attachment-large size-large wp-image-1026\" alt=\"\" srcset=\"https:\/\/orda.pl\/ok\/wp-content\/uploads\/2024\/10\/portfolio_003-1024x698.jpg 1024w, https:\/\/orda.pl\/ok\/wp-content\/uploads\/2024\/10\/portfolio_003-300x205.jpg 300w, https:\/\/orda.pl\/ok\/wp-content\/uploads\/2024\/10\/portfolio_003-768x524.jpg 768w, https:\/\/orda.pl\/ok\/wp-content\/uploads\/2024\/10\/portfolio_003.jpg 1100w\" sizes=\"(max-width: 1024px) 100vw, 1024px\" \/> <span class=\"raven-post-image-overlay\"><\/span><\/a>\t\t<\/div>\n\t\t\t\t\t\t<div class=\"raven-post-content\">\n\t\t\t\t\t<h5 class=\"raven-post-title\"><a class=\"raven-post-title-link\" href=\"https:\/\/orda.pl\/ok\/?portfolio=produkcja-filmowa\">Produkcja Filmowa<\/a><\/h5><div class=\"raven-post-excerpt\">by\u0142o ciekawie<\/div>\t\t<div class=\"raven-post-read-more\">\n\t\t\t<a class=\"raven-post-button\" href=\"https:\/\/orda.pl\/ok\/?portfolio=produkcja-filmowa\"><span class=\"raven-post-button-text\">Read More<\/span><\/a>\n\t\t<\/div>\n\t\t\t\t\t\t<\/div>\n\t\t\t<\/div>\n\t\t<\/div>\n\t\t\t\t<div class=\"raven-grid-item raven-post-item post-823 portfolio type-portfolio status-publish has-post-thumbnail hentry\">\n\t\t\t<div class=\"raven-post\">\n\t\t\t\t\t\t<div class=\"raven-post-image-wrap\">\n\t\t\t<a class=\"raven-post-image raven-image-fit\" href=\"https:\/\/orda.pl\/ok\/?portfolio=unreal\"><img loading=\"lazy\" decoding=\"async\" width=\"532\" height=\"720\" src=\"https:\/\/orda.pl\/ok\/wp-content\/uploads\/2024\/10\/05.jpg\" class=\"attachment-large size-large wp-image-1040\" alt=\"\" srcset=\"https:\/\/orda.pl\/ok\/wp-content\/uploads\/2024\/10\/05.jpg 532w, https:\/\/orda.pl\/ok\/wp-content\/uploads\/2024\/10\/05-222x300.jpg 222w\" sizes=\"(max-width: 532px) 100vw, 532px\" \/> <span class=\"raven-post-image-overlay\"><\/span><\/a>\t\t<\/div>\n\t\t\t\t\t\t<div class=\"raven-post-content\">\n\t\t\t\t\t<h5 class=\"raven-post-title\"><a class=\"raven-post-title-link\" href=\"https:\/\/orda.pl\/ok\/?portfolio=unreal\">UNREAL<\/a><\/h5><div class=\"raven-post-excerpt\">Zmienna technologia<\/div>\t\t<div class=\"raven-post-read-more\">\n\t\t\t<a class=\"raven-post-button\" href=\"https:\/\/orda.pl\/ok\/?portfolio=unreal\"><span class=\"raven-post-button-text\">Read More<\/span><\/a>\n\t\t<\/div>\n\t\t\t\t\t\t<\/div>\n\t\t\t<\/div>\n\t\t<\/div>\n\t\t\t\t<\/div>\n\t\t\t\t\t\t<\/div>\n\t\t\t\t<\/div>\n\t\t\t\t<div class=\"elementor-element elementor-element-e1d53a0 elementor-widget elementor-widget-spacer\" data-id=\"e1d53a0\" data-element_type=\"widget\" data-widget_type=\"spacer.default\">\n\t\t\t\t<div class=\"elementor-widget-container\">\n\t\t\t\t\t\t\t<div class=\"elementor-spacer\">\n\t\t\t<div class=\"elementor-spacer-inner\"><\/div>\n\t\t<\/div>\n\t\t\t\t\t\t<\/div>\n\t\t\t\t<\/div>\n\t\t\t\t\t<\/div>\n\t\t\t\t<\/div>\n\t\t\t\t<\/div>\n\t\t","protected":false},"excerpt":{"rendered":"<p>1992-2014 by\u0142o ciekawie Read More 1999 do czasy obecne trwa to do dzi\u015b Read More Produkcja Filmowa by\u0142o ciekawie Read More UNREAL Zmienna technologia Read More<\/p>\n","protected":false},"author":1,"featured_media":0,"parent":0,"menu_order":0,"comment_status":"closed","ping_status":"closed","template":"full-width.php","meta":{"_acf_changed":false,"footnotes":""},"class_list":["post-261","page","type-page","status-publish","hentry"],"acf":[],"_links":{"self":[{"href":"https:\/\/orda.pl\/ok\/index.php?rest_route=\/wp\/v2\/pages\/261","targetHints":{"allow":["GET"]}}],"collection":[{"href":"https:\/\/orda.pl\/ok\/index.php?rest_route=\/wp\/v2\/pages"}],"about":[{"href":"https:\/\/orda.pl\/ok\/index.php?rest_route=\/wp\/v2\/types\/page"}],"author":[{"embeddable":true,"href":"https:\/\/orda.pl\/ok\/index.php?rest_route=\/wp\/v2\/users\/1"}],"replies":[{"embeddable":true,"href":"https:\/\/orda.pl\/ok\/index.php?rest_route=%2Fwp%2Fv2%2Fcomments&post=261"}],"version-history":[{"count":7,"href":"https:\/\/orda.pl\/ok\/index.php?rest_route=\/wp\/v2\/pages\/261\/revisions"}],"predecessor-version":[{"id":1170,"href":"https:\/\/orda.pl\/ok\/index.php?rest_route=\/wp\/v2\/pages\/261\/revisions\/1170"}],"wp:attachment":[{"href":"https:\/\/orda.pl\/ok\/index.php?rest_route=%2Fwp%2Fv2%2Fmedia&parent=261"}],"curies":[{"name":"wp","href":"https:\/\/api.w.org\/{rel}","templated":true}]}}